{"id":70,"date":"2021-08-04T11:39:54","date_gmt":"2021-08-04T09:39:54","guid":{"rendered":"http:\/\/cercle-angevin-tai-chi-chuan.com\/?page_id=70"},"modified":"2022-07-17T17:05:46","modified_gmt":"2022-07-17T15:05:46","slug":"accueil","status":"publish","type":"page","link":"https:\/\/cercle-angevin-tai-chi-chuan.com\/","title":{"rendered":"Accueil"},"content":{"rendered":"\n<div class=\"wp-block-media-text alignwide is-stacked-on-mobile\"><figure class=\"wp-block-media-text__media\"><img fetchpriority=\"high\" decoding=\"async\" width=\"687\" height=\"1024\" src=\"http:\/\/cercle-angevin-tai-chi-chuan.com\/wp-content\/uploads\/2021\/08\/arbre-687x1024.jpg\" alt=\"\" class=\"wp-image-87 size-full\" srcset=\"https:\/\/cercle-angevin-tai-chi-chuan.com\/wp-content\/uploads\/2021\/08\/arbre-687x1024.jpg 687w, https:\/\/cercle-angevin-tai-chi-chuan.com\/wp-content\/uploads\/2021\/08\/arbre-201x300.jpg 201w, https:\/\/cercle-angevin-tai-chi-chuan.com\/wp-content\/uploads\/2021\/08\/arbre-768x1144.jpg 768w, https:\/\/cercle-angevin-tai-chi-chuan.com\/wp-content\/uploads\/2021\/08\/arbre-1031x1536.jpg 1031w, https:\/\/cercle-angevin-tai-chi-chuan.com\/wp-content\/uploads\/2021\/08\/arbre-830x1237.jpg 830w, https:\/\/cercle-angevin-tai-chi-chuan.com\/wp-content\/uploads\/2021\/08\/arbre-230x343.jpg 230w, https:\/\/cercle-angevin-tai-chi-chuan.com\/wp-content\/uploads\/2021\/08\/arbre-350x522.jpg 350w, https:\/\/cercle-angevin-tai-chi-chuan.com\/wp-content\/uploads\/2021\/08\/arbre-480x715.jpg 480w, https:\/\/cercle-angevin-tai-chi-chuan.com\/wp-content\/uploads\/2021\/08\/arbre.jpg 1200w\" sizes=\"(max-width: 687px) 100vw, 687px\" \/><\/figure><div class=\"wp-block-media-text__content\">\n<h3 class=\"wp-block-heading\">Bienvenue<\/h3>\n\n\n\n<p>sur le site de l&#8217;association <strong>Cercle Angevin de Tai Chi Chuan<\/strong>.<\/p>\n\n\n\n<p>En naviguant, vous trouverez des informations sur l&#8217;association, les cours et stages, et sur l&#8217;enseignement qui est propos\u00e9 dans notre association.<\/p>\n\n\n\n<p>Il est possible de commencer en cours d&#8217;ann\u00e9e, sous r\u00e9serve du nombre de places disponibles dans les cr\u00e9neaux choisis. La premi\u00e8re s\u00e9ance est un cours d&#8217;essai, sans engagement.<\/p>\n<\/div><\/div>\n\n\n\n<div class=\"wp-block-media-text alignwide is-stacked-on-mobile\"><figure class=\"wp-block-media-text__media\"><\/figure><div class=\"wp-block-media-text__content\">\n<p><\/p>\n<\/div><\/div>\n","protected":false},"excerpt":{"rendered":"<p>Bienvenue sur le site de l&#8217;association Cercle Angevin de Tai Chi Chuan. En naviguant, vous trouverez des informations sur l&#8217;association, les cours [&hellip;]<\/p>\n","protected":false},"author":1,"featured_media":0,"parent":0,"menu_order":0,"comment_status":"closed","ping_status":"closed","template":"","meta":{"footnotes":""},"class_list":["post-70","page","type-page","status-publish","hentry"],"_links":{"self":[{"href":"https:\/\/cercle-angevin-tai-chi-chuan.com\/index.php\/wp-json\/wp\/v2\/pages\/70"}],"collection":[{"href":"https:\/\/cercle-angevin-tai-chi-chuan.com\/index.php\/wp-json\/wp\/v2\/pages"}],"about":[{"href":"https:\/\/cercle-angevin-tai-chi-chuan.com\/index.php\/wp-json\/wp\/v2\/types\/page"}],"author":[{"embeddable":true,"href":"https:\/\/cercle-angevin-tai-chi-chuan.com\/index.php\/wp-json\/wp\/v2\/users\/1"}],"replies":[{"embeddable":true,"href":"https:\/\/cercle-angevin-tai-chi-chuan.com\/index.php\/wp-json\/wp\/v2\/comments?post=70"}],"version-history":[{"count":15,"href":"https:\/\/cercle-angevin-tai-chi-chuan.com\/index.php\/wp-json\/wp\/v2\/pages\/70\/revisions"}],"predecessor-version":[{"id":390,"href":"https:\/\/cercle-angevin-tai-chi-chuan.com\/index.php\/wp-json\/wp\/v2\/pages\/70\/revisions\/390"}],"wp:attachment":[{"href":"https:\/\/cercle-angevin-tai-chi-chuan.com\/index.php\/wp-json\/wp\/v2\/media?parent=70"}],"curies":[{"name":"wp","href":"https:\/\/api.w.org\/{rel}","templated":true}]}}