{"id":35,"date":"2021-07-29T11:52:58","date_gmt":"2021-07-29T09:52:58","guid":{"rendered":"http:\/\/cercle-angevin-tai-chi-chuan.com\/?page_id=35"},"modified":"2025-08-16T18:48:43","modified_gmt":"2025-08-16T16:48:43","slug":"contact","status":"publish","type":"page","link":"https:\/\/cercle-angevin-tai-chi-chuan.com\/index.php\/contact\/","title":{"rendered":"Contact"},"content":{"rendered":"\n<p><\/p>\n\n\n\n<figure class=\"wp-block-image size-full\"><img fetchpriority=\"high\" decoding=\"async\" width=\"253\" height=\"243\" src=\"http:\/\/cercle-angevin-tai-chi-chuan.com\/wp-content\/uploads\/2021\/07\/logo-2007.jpg\" alt=\"\" class=\"wp-image-8\" srcset=\"https:\/\/cercle-angevin-tai-chi-chuan.com\/wp-content\/uploads\/2021\/07\/logo-2007.jpg 253w, https:\/\/cercle-angevin-tai-chi-chuan.com\/wp-content\/uploads\/2021\/07\/logo-2007-230x221.jpg 230w\" sizes=\"(max-width: 253px) 100vw, 253px\" \/><\/figure>\n\n\n\n<p><strong>e-mai<\/strong>l : contact.tai-chi [at] laposte.net<\/p>\n\n\n\n<p><strong>t\u00e9l\u00e9phone<\/strong> : 06 32 47 09 92   (laisser un message ou un SMS et vous serez rappel\u00e9)<\/p>\n\n\n\n<p>adresse de la salle de tai chi : 4 Route de La Reue &#8211;  St Sylvain d&#8217;Anjou &#8211; 49480 Verri\u00e8res en Anjou<\/p>\n\n\n\n<p>adresse de contact  (pour les courriers \u00e0 l&#8217;ancienne) : 107 rue Jean Jaur\u00e8s &#8211; 49800 Tr\u00e9laz\u00e9<\/p>\n","protected":false},"excerpt":{"rendered":"<p>e-mail : contact.tai-chi [at] laposte.net t\u00e9l\u00e9phone : 06 32 47 09 92 (laisser un message ou un SMS et vous serez rappel\u00e9) [&hellip;]<\/p>\n","protected":false},"author":1,"featured_media":0,"parent":0,"menu_order":0,"comment_status":"closed","ping_status":"closed","template":"","meta":{"footnotes":""},"class_list":["post-35","page","type-page","status-publish","hentry"],"_links":{"self":[{"href":"https:\/\/cercle-angevin-tai-chi-chuan.com\/index.php\/wp-json\/wp\/v2\/pages\/35"}],"collection":[{"href":"https:\/\/cercle-angevin-tai-chi-chuan.com\/index.php\/wp-json\/wp\/v2\/pages"}],"about":[{"href":"https:\/\/cercle-angevin-tai-chi-chuan.com\/index.php\/wp-json\/wp\/v2\/types\/page"}],"author":[{"embeddable":true,"href":"https:\/\/cercle-angevin-tai-chi-chuan.com\/index.php\/wp-json\/wp\/v2\/users\/1"}],"replies":[{"embeddable":true,"href":"https:\/\/cercle-angevin-tai-chi-chuan.com\/index.php\/wp-json\/wp\/v2\/comments?post=35"}],"version-history":[{"count":4,"href":"https:\/\/cercle-angevin-tai-chi-chuan.com\/index.php\/wp-json\/wp\/v2\/pages\/35\/revisions"}],"predecessor-version":[{"id":599,"href":"https:\/\/cercle-angevin-tai-chi-chuan.com\/index.php\/wp-json\/wp\/v2\/pages\/35\/revisions\/599"}],"wp:attachment":[{"href":"https:\/\/cercle-angevin-tai-chi-chuan.com\/index.php\/wp-json\/wp\/v2\/media?parent=35"}],"curies":[{"name":"wp","href":"https:\/\/api.w.org\/{rel}","templated":true}]}}