{"id":318,"date":"2021-08-21T18:30:33","date_gmt":"2021-08-21T16:30:33","guid":{"rendered":"http:\/\/cercle-angevin-tai-chi-chuan.com\/?page_id=318"},"modified":"2025-08-16T18:19:55","modified_gmt":"2025-08-16T16:19:55","slug":"actualite","status":"publish","type":"page","link":"https:\/\/cercle-angevin-tai-chi-chuan.com\/index.php\/actualite\/","title":{"rendered":"Actualit\u00e9"},"content":{"rendered":"\t\t<div data-elementor-type=\"wp-page\" data-elementor-id=\"318\" class=\"elementor elementor-318\">\n\t\t\t\t\t\t<section class=\"elementor-section elementor-top-section elementor-element elementor-element-d6b8e00 elementor-section-boxed elementor-section-height-default elementor-section-height-default\" data-id=\"d6b8e00\" data-element_type=\"section\">\n\t\t\t\t\t\t<div class=\"elementor-container elementor-column-gap-default\">\n\t\t\t\t\t<div class=\"elementor-column elementor-col-100 elementor-top-column elementor-element elementor-element-76336d0\" data-id=\"76336d0\" data-element_type=\"column\">\n\t\t\t<div class=\"elementor-widget-wrap elementor-element-populated\">\n\t\t\t\t\t\t<div class=\"elementor-element elementor-element-da7498f elementor-widget__width-initial elementor-widget elementor-widget-text-editor\" data-id=\"da7498f\" data-element_type=\"widget\" data-widget_type=\"text-editor.default\">\n\t\t\t\t<div class=\"elementor-widget-container\">\n\t\t\t<style>\/*! elementor - v3.21.0 - 26-05-2024 *\/\n.elementor-widget-text-editor.elementor-drop-cap-view-stacked .elementor-drop-cap{background-color:#69727d;color:#fff}.elementor-widget-text-editor.elementor-drop-cap-view-framed .elementor-drop-cap{color:#69727d;border:3px solid;background-color:transparent}.elementor-widget-text-editor:not(.elementor-drop-cap-view-default) .elementor-drop-cap{margin-top:8px}.elementor-widget-text-editor:not(.elementor-drop-cap-view-default) .elementor-drop-cap-letter{width:1em;height:1em}.elementor-widget-text-editor .elementor-drop-cap{float:left;text-align:center;line-height:1;font-size:50px}.elementor-widget-text-editor .elementor-drop-cap-letter{display:inline-block}<\/style>\t\t\t\t<h2>Saison 2025-2026<\/h2>\n<div>La saison commence par notre pr\u00e9sence au Forum des associations de Verri\u00e8res en Anjou. Rendez-vous le samedi 6 septembre de 9h \u00e0 midi.<\/div>\n<p>Nous vous proposons ensuite, dans l&#8217;apr\u00e8s-midi, un mini-stage de 2h, dans le parc A. D\u00e9libes, de 14h \u00e0 16h, pour d\u00e9couvrir nos pratiques et commencer l&#8217;initiation (15 \u20ac)<\/p>\n<p><\/p>\n<p>Les cours reprennent d\u00e8s le <b>lundi 8 septembre<\/b> sur les cr\u00e9neaux indiqu\u00e9s dans l&#8217;onglet &#8220;cours et stages&#8221;. Pour les nouveaux, la premi\u00e8re s\u00e9ance est un cours d&#8217;essai, sans engagement.<\/p>\n<p><\/p>\t\t\t\t\t\t<\/div>\n\t\t\t\t<\/div>\n\t\t\t\t\t<\/div>\n\t\t<\/div>\n\t\t\t\t\t<\/div>\n\t\t<\/section>\n\t\t\t\t<\/div>\n\t\t","protected":false},"excerpt":{"rendered":"<p>Saison 2025-2026 La saison commence par notre pr\u00e9sence au Forum des associations de Verri\u00e8res en Anjou. Rendez-vous le samedi 6 septembre de [&hellip;]<\/p>\n","protected":false},"author":1,"featured_media":0,"parent":0,"menu_order":0,"comment_status":"closed","ping_status":"closed","template":"","meta":{"footnotes":""},"class_list":["post-318","page","type-page","status-publish","hentry"],"_links":{"self":[{"href":"https:\/\/cercle-angevin-tai-chi-chuan.com\/index.php\/wp-json\/wp\/v2\/pages\/318"}],"collection":[{"href":"https:\/\/cercle-angevin-tai-chi-chuan.com\/index.php\/wp-json\/wp\/v2\/pages"}],"about":[{"href":"https:\/\/cercle-angevin-tai-chi-chuan.com\/index.php\/wp-json\/wp\/v2\/types\/page"}],"author":[{"embeddable":true,"href":"https:\/\/cercle-angevin-tai-chi-chuan.com\/index.php\/wp-json\/wp\/v2\/users\/1"}],"replies":[{"embeddable":true,"href":"https:\/\/cercle-angevin-tai-chi-chuan.com\/index.php\/wp-json\/wp\/v2\/comments?post=318"}],"version-history":[{"count":84,"href":"https:\/\/cercle-angevin-tai-chi-chuan.com\/index.php\/wp-json\/wp\/v2\/pages\/318\/revisions"}],"predecessor-version":[{"id":584,"href":"https:\/\/cercle-angevin-tai-chi-chuan.com\/index.php\/wp-json\/wp\/v2\/pages\/318\/revisions\/584"}],"wp:attachment":[{"href":"https:\/\/cercle-angevin-tai-chi-chuan.com\/index.php\/wp-json\/wp\/v2\/media?parent=318"}],"curies":[{"name":"wp","href":"https:\/\/api.w.org\/{rel}","templated":true}]}}