{"id":31,"date":"2021-07-29T11:52:28","date_gmt":"2021-07-29T09:52:28","guid":{"rendered":"http:\/\/cercle-angevin-tai-chi-chuan.com\/?page_id=31"},"modified":"2025-08-16T19:25:49","modified_gmt":"2025-08-16T17:25:49","slug":"cours-et-stages","status":"publish","type":"page","link":"https:\/\/cercle-angevin-tai-chi-chuan.com\/index.php\/cours-et-stages\/","title":{"rendered":"Cours et stages"},"content":{"rendered":"\t\t<div data-elementor-type=\"wp-page\" data-elementor-id=\"31\" class=\"elementor elementor-31\">\n\t\t\t\t\t\t<section class=\"elementor-section elementor-top-section elementor-element elementor-element-f6054a4 elementor-section-boxed elementor-section-height-default elementor-section-height-default\" data-id=\"f6054a4\" data-element_type=\"section\">\n\t\t\t\t\t\t<div class=\"elementor-container elementor-column-gap-default\">\n\t\t\t\t\t<div class=\"elementor-column elementor-col-66 elementor-top-column elementor-element elementor-element-6e653e8\" data-id=\"6e653e8\" data-element_type=\"column\">\n\t\t\t<div class=\"elementor-widget-wrap elementor-element-populated\">\n\t\t\t\t\t\t<div class=\"elementor-element elementor-element-a8bd3f9 elementor-widget elementor-widget-text-editor\" data-id=\"a8bd3f9\" data-element_type=\"widget\" data-widget_type=\"text-editor.default\">\n\t\t\t\t<div class=\"elementor-widget-container\">\n\t\t\t<style>\/*! elementor - v3.21.0 - 26-05-2024 *\/\n.elementor-widget-text-editor.elementor-drop-cap-view-stacked .elementor-drop-cap{background-color:#69727d;color:#fff}.elementor-widget-text-editor.elementor-drop-cap-view-framed .elementor-drop-cap{color:#69727d;border:3px solid;background-color:transparent}.elementor-widget-text-editor:not(.elementor-drop-cap-view-default) .elementor-drop-cap{margin-top:8px}.elementor-widget-text-editor:not(.elementor-drop-cap-view-default) .elementor-drop-cap-letter{width:1em;height:1em}.elementor-widget-text-editor .elementor-drop-cap{float:left;text-align:center;line-height:1;font-size:50px}.elementor-widget-text-editor .elementor-drop-cap-letter{display:inline-block}<\/style>\t\t\t\t<p>Les cours s&#8217;\u00e9tendent de mi-septembre \u00e0 mi-juin et s&#8217;interrompent durant les vacances scolaires, soit un peu plus de 30 semaines de cours.<\/p><p>D\u00e9butants et avanc\u00e9s cheminent en m\u00eame temps, avec un temps de pratique commune et des temps de pratique individuelle en autonomie.\u00a0<br \/>Les exercices de Qi Gong d\u00e9butent la s\u00e9ance, suivis par l&#8217;apprentissage de la Forme \u00e0 mains nue.<\/p><p>Ce travail individuel ou en groupe se poursuit pour les plus avanc\u00e9s par le travail \u00e0 deux.<\/p>\t\t\t\t\t\t<\/div>\n\t\t\t\t<\/div>\n\t\t\t\t\t<\/div>\n\t\t<\/div>\n\t\t\t\t<div class=\"elementor-column elementor-col-33 elementor-top-column elementor-element elementor-element-08ea512\" data-id=\"08ea512\" data-element_type=\"column\">\n\t\t\t<div class=\"elementor-widget-wrap elementor-element-populated\">\n\t\t\t\t\t\t<div class=\"elementor-element elementor-element-c29bfcc elementor-widget elementor-widget-image\" data-id=\"c29bfcc\" data-element_type=\"widget\" data-widget_type=\"image.default\">\n\t\t\t\t<div class=\"elementor-widget-container\">\n\t\t\t<style>\/*! elementor - v3.21.0 - 26-05-2024 *\/\n.elementor-widget-image{text-align:center}.elementor-widget-image a{display:inline-block}.elementor-widget-image a img[src$=\".svg\"]{width:48px}.elementor-widget-image img{vertical-align:middle;display:inline-block}<\/style>\t\t\t\t\t\t\t\t\t\t<img fetchpriority=\"high\" decoding=\"async\" width=\"518\" height=\"389\" src=\"https:\/\/cercle-angevin-tai-chi-chuan.com\/wp-content\/uploads\/2021\/08\/couflant-2.jpg\" class=\"attachment-large size-large wp-image-217\" alt=\"\" srcset=\"https:\/\/cercle-angevin-tai-chi-chuan.com\/wp-content\/uploads\/2021\/08\/couflant-2.jpg 518w, https:\/\/cercle-angevin-tai-chi-chuan.com\/wp-content\/uploads\/2021\/08\/couflant-2-300x225.jpg 300w, https:\/\/cercle-angevin-tai-chi-chuan.com\/wp-content\/uploads\/2021\/08\/couflant-2-230x173.jpg 230w, https:\/\/cercle-angevin-tai-chi-chuan.com\/wp-content\/uploads\/2021\/08\/couflant-2-350x263.jpg 350w, https:\/\/cercle-angevin-tai-chi-chuan.com\/wp-content\/uploads\/2021\/08\/couflant-2-480x360.jpg 480w\" sizes=\"(max-width: 518px) 100vw, 518px\" \/>\t\t\t\t\t\t\t\t\t\t\t\t\t<\/div>\n\t\t\t\t<\/div>\n\t\t\t\t\t<\/div>\n\t\t<\/div>\n\t\t\t\t\t<\/div>\n\t\t<\/section>\n\t\t\t\t<section class=\"elementor-section elementor-top-section elementor-element elementor-element-bf72502 elementor-section-boxed elementor-section-height-default elementor-section-height-default\" data-id=\"bf72502\" data-element_type=\"section\">\n\t\t\t\t\t\t<div class=\"elementor-container elementor-column-gap-default\">\n\t\t\t\t\t<div class=\"elementor-column elementor-col-33 elementor-top-column elementor-element elementor-element-5df95a0\" data-id=\"5df95a0\" data-element_type=\"column\">\n\t\t\t<div class=\"elementor-widget-wrap elementor-element-populated\">\n\t\t\t\t\t\t<div class=\"elementor-element elementor-element-f8300c2 elementor-widget elementor-widget-text-editor\" data-id=\"f8300c2\" data-element_type=\"widget\" data-widget_type=\"text-editor.default\">\n\t\t\t\t<div class=\"elementor-widget-container\">\n\t\t\t\t\t\t\t<p>Tous les cours ont lieu dans notre salle de Tai Chi situ\u00e9e au 4 Route de La Reue, dans la commune de Verri\u00e8res en Anjou, \u00e0 2 minutes du parc des expositions d&#8217;Angers, \u00e0 10-15 minutes du centre d&#8217;Angers par la rocade.<\/p>\t\t\t\t\t\t<\/div>\n\t\t\t\t<\/div>\n\t\t\t\t\t<\/div>\n\t\t<\/div>\n\t\t\t\t<div class=\"elementor-column elementor-col-66 elementor-top-column elementor-element elementor-element-f88eb63\" data-id=\"f88eb63\" data-element_type=\"column\">\n\t\t\t<div class=\"elementor-widget-wrap elementor-element-populated\">\n\t\t\t\t\t\t<div class=\"elementor-element elementor-element-579e31e elementor-widget elementor-widget-image\" data-id=\"579e31e\" data-element_type=\"widget\" data-widget_type=\"image.default\">\n\t\t\t\t<div class=\"elementor-widget-container\">\n\t\t\t\t\t\t\t\t\t\t\t\t\t<img decoding=\"async\" width=\"642\" height=\"347\" src=\"https:\/\/cercle-angevin-tai-chi-chuan.com\/wp-content\/uploads\/2021\/08\/La-Reue.jpg\" class=\"attachment-large size-large wp-image-138\" alt=\"\" srcset=\"https:\/\/cercle-angevin-tai-chi-chuan.com\/wp-content\/uploads\/2021\/08\/La-Reue.jpg 642w, https:\/\/cercle-angevin-tai-chi-chuan.com\/wp-content\/uploads\/2021\/08\/La-Reue-300x162.jpg 300w, https:\/\/cercle-angevin-tai-chi-chuan.com\/wp-content\/uploads\/2021\/08\/La-Reue-230x124.jpg 230w, https:\/\/cercle-angevin-tai-chi-chuan.com\/wp-content\/uploads\/2021\/08\/La-Reue-350x189.jpg 350w, https:\/\/cercle-angevin-tai-chi-chuan.com\/wp-content\/uploads\/2021\/08\/La-Reue-480x259.jpg 480w\" sizes=\"(max-width: 642px) 100vw, 642px\" \/>\t\t\t\t\t\t\t\t\t\t\t\t\t<\/div>\n\t\t\t\t<\/div>\n\t\t\t\t\t<\/div>\n\t\t<\/div>\n\t\t\t\t\t<\/div>\n\t\t<\/section>\n\t\t\t\t<section class=\"elementor-section elementor-top-section elementor-element elementor-element-8dba23a elementor-section-boxed elementor-section-height-default elementor-section-height-default\" data-id=\"8dba23a\" data-element_type=\"section\">\n\t\t\t\t\t\t<div class=\"elementor-container elementor-column-gap-default\">\n\t\t\t\t\t<div class=\"elementor-column elementor-col-100 elementor-top-column elementor-element elementor-element-d9b18ee\" data-id=\"d9b18ee\" data-element_type=\"column\" data-settings=\"{&quot;background_background&quot;:&quot;classic&quot;}\">\n\t\t\t<div class=\"elementor-widget-wrap elementor-element-populated\">\n\t\t\t\t\t<div class=\"elementor-background-overlay\"><\/div>\n\t\t\t\t\t\t<div class=\"elementor-element elementor-element-9e3e979 elementor-widget elementor-widget-text-editor\" data-id=\"9e3e979\" data-element_type=\"widget\" data-widget_type=\"text-editor.default\">\n\t\t\t\t<div class=\"elementor-widget-container\">\n\t\t\t\t\t\t\t<p>Cours du lundi matin au samedi matin, selon les cr\u00e9neaux ci-dessous (sur t\u00e9l\u00e9phone portable, faire d\u00e9filer).<br \/>4 cr\u00e9neaux le matin :\u00a0<span style=\"color: var(--sydney-text-color);\">9h puis 10h30<\/span><span style=\"color: var(--sydney-text-color);\">\u00a0les lundis, et 10h les jeudis et samedis<br \/>4 cr\u00e9neaux en soir\u00e9e : 18h30 les lundis, mercredis, jeudis et vendredis.<\/span><\/p><p>Lors de l&#8217;inscription, vous choisissez un ou deux cr\u00e9neaux. En cas d&#8217;absence, il est possible de rejoindre un autre cours (pr\u00e9venir l&#8217;enseignant). Pour les personnes avec des emploi du temps variables, il est aussi possible de moduler les jours de pratique.<\/p>\t\t\t\t\t\t<\/div>\n\t\t\t\t<\/div>\n\t\t\t\t\t<\/div>\n\t\t<\/div>\n\t\t\t\t\t<\/div>\n\t\t<\/section>\n\t\t\t\t<section class=\"elementor-section elementor-top-section elementor-element elementor-element-6ec3c2d elementor-section-boxed elementor-section-height-default elementor-section-height-default\" data-id=\"6ec3c2d\" data-element_type=\"section\">\n\t\t\t\t\t\t<div class=\"elementor-container elementor-column-gap-default\">\n\t\t\t\t\t<div class=\"elementor-column elementor-col-100 elementor-top-column elementor-element elementor-element-5799654\" data-id=\"5799654\" data-element_type=\"column\">\n\t\t\t<div class=\"elementor-widget-wrap elementor-element-populated\">\n\t\t\t\t\t\t<div class=\"elementor-element elementor-element-3cf8b84 eael-table-align-left eael-dt-th-align-left elementor-widget elementor-widget-eael-data-table\" data-id=\"3cf8b84\" data-element_type=\"widget\" data-widget_type=\"eael-data-table.default\">\n\t\t\t\t<div class=\"elementor-widget-container\">\n\t\t\t\t\t<div class=\"eael-data-table-wrap\" data-table_id=\"3cf8b84\" id=\"eael-data-table-wrapper-3cf8b84\" data-custom_responsive=\"false\">\n\t\t\t<table class=\"tablesorter eael-data-table left\" id=\"eael-data-table-3cf8b84\">\n\t\t\t    <thead>\n\t\t\t        <tr class=\"table-header\">\n\t\t\t\t\t\t\t\t\t            <th class=\"\" id=\"\" colspan=\"\">\n\t\t\t\t\t\t\t\t\t\t\t\t\t\t<span class=\"data-table-header-text\">Lundi<\/span><\/th>\n\t\t\t        \t\t\t\t            <th class=\"\" id=\"\" colspan=\"\">\n\t\t\t\t\t\t\t\t\t\t\t\t\t\t<span class=\"data-table-header-text\">Mardi<\/span><\/th>\n\t\t\t        \t\t\t\t            <th class=\"\" id=\"\" colspan=\"\">\n\t\t\t\t\t\t\t\t\t\t\t\t\t\t<span class=\"data-table-header-text\">Mercredi<\/span><\/th>\n\t\t\t        \t\t\t\t            <th class=\"\" id=\"\" colspan=\"\">\n\t\t\t\t\t\t\t\t\t\t\t\t\t\t<span class=\"data-table-header-text\">Jeudi<\/span><\/th>\n\t\t\t        \t\t\t\t            <th class=\"\" id=\"\" colspan=\"\">\n\t\t\t\t\t\t\t\t\t\t\t\t\t\t<span class=\"data-table-header-text\">Vendredi<\/span><\/th>\n\t\t\t        \t\t\t\t            <th class=\"\" id=\"\" colspan=\"\">\n\t\t\t\t\t\t\t\t\t\t\t\t\t\t<span class=\"data-table-header-text\">Samedi<\/span><\/th>\n\t\t\t        \t\t\t\t        <\/tr>\n\t\t\t    <\/thead>\n\t\t\t  \t<tbody>\n\t\t\t\t\t\t\t\t\t\t\t<tr>\n\t\t\t\t\t\t\t\t\t\t\t\t\t\t\t\t   \t\t\t\t\t\t\t\t\t\t\t<td colspan=\"\" rowspan=\"\" class=\"\" id=\"\">\n\t\t\t\t\t\t\t\t\t\t\t\t<div class=\"td-content-wrapper\"><div class=\"td-content\"><p>9h<\/p><p>10h30<\/p><p>18h30<\/p><\/div><\/div>\n\t\t\t\t\t\t\t\t\t\t\t<\/td>\n\t\t\t\t\t\t\t\t\t\t\t\t\t\t\t\t\t\t\t\t\t\t\t\t\t\t\t\t\t   \t\t\t\t\t\t\t\t\t\t\t<td colspan=\"\" rowspan=\"2\" class=\"\" id=\"\">\n\t\t\t\t\t\t\t\t\t\t\t\t<div class=\"td-content-wrapper\"><div class=\"td-content\"><\/div><\/div>\n\t\t\t\t\t\t\t\t\t\t\t<\/td>\n\t\t\t\t\t\t\t\t\t\t\t\t\t\t\t\t\t\t\t\t\t\t\t\t\t\t\t\t\t   \t\t\t\t\t\t\t\t\t\t\t<td colspan=\"\" rowspan=\"\" class=\"\" id=\"\">\n\t\t\t\t\t\t\t\t\t\t\t\t<div class=\"td-content-wrapper\"><div class=\"td-content\"><p>\u00a0<\/p><p>\u00a0<\/p><p>18h30<\/p><\/div><\/div>\n\t\t\t\t\t\t\t\t\t\t\t<\/td>\n\t\t\t\t\t\t\t\t\t\t\t\t\t\t\t\t\t\t\t\t\t\t\t\t\t\t\t\t\t   \t\t\t\t\t\t\t\t\t\t\t<td colspan=\"\" rowspan=\"\" class=\"\" id=\"\">\n\t\t\t\t\t\t\t\t\t\t\t\t<div class=\"td-content-wrapper\"><div class=\"td-content\"><p>10h<\/p><p>\u00a0<\/p><p>18h30<\/p><\/div><\/div>\n\t\t\t\t\t\t\t\t\t\t\t<\/td>\n\t\t\t\t\t\t\t\t\t\t\t\t\t\t\t\t\t\t\t\t\t\t\t\t\t\t\t\t\t   \t\t\t\t\t\t\t\t\t\t\t<td colspan=\"\" rowspan=\"\" class=\"\" id=\"\">\n\t\t\t\t\t\t\t\t\t\t\t\t<div class=\"td-content-wrapper\"><div class=\"td-content\"><p>\u00a0<\/p><p>\u00a0<\/p><p>18h30<\/p><\/div><\/div>\n\t\t\t\t\t\t\t\t\t\t\t<\/td>\n\t\t\t\t\t\t\t\t\t\t\t\t\t\t\t\t\t\t\t\t\t\t\t\t\t\t\t\t\t   \t\t\t\t\t\t\t\t\t\t\t<td colspan=\"\" rowspan=\"\" class=\"\" id=\"\">\n\t\t\t\t\t\t\t\t\t\t\t\t<div class=\"td-content-wrapper\"><div class=\"td-content\"><p>10h<\/p><p>\u00a0<\/p><p>\u00a0<\/p><\/div><\/div>\n\t\t\t\t\t\t\t\t\t\t\t<\/td>\n\t\t\t\t\t\t\t\t\t\t\t\t\t\t\t\t\t\t\t\t\t\t\t\t\t\t<\/tr>\n\t\t\t        \t\t\t    <\/tbody>\n\t\t\t<\/table>\n\t\t<\/div>\n\t  \t\t\t<\/div>\n\t\t\t\t<\/div>\n\t\t\t\t\t<\/div>\n\t\t<\/div>\n\t\t\t\t\t<\/div>\n\t\t<\/section>\n\t\t\t\t<section class=\"elementor-section elementor-top-section elementor-element elementor-element-974a4fc elementor-section-boxed elementor-section-height-default elementor-section-height-default\" data-id=\"974a4fc\" data-element_type=\"section\">\n\t\t\t\t\t\t<div class=\"elementor-container elementor-column-gap-default\">\n\t\t\t\t\t<div class=\"elementor-column elementor-col-100 elementor-top-column elementor-element elementor-element-42ed5ce\" data-id=\"42ed5ce\" data-element_type=\"column\">\n\t\t\t<div class=\"elementor-widget-wrap elementor-element-populated\">\n\t\t\t\t\t\t<div class=\"elementor-element elementor-element-8defe2b elementor-widget elementor-widget-text-editor\" data-id=\"8defe2b\" data-element_type=\"widget\" data-widget_type=\"text-editor.default\">\n\t\t\t\t<div class=\"elementor-widget-container\">\n\t\t\t\t\t\t\t<h2>Tarifs 2025-26<\/h2><ul><li>adh\u00e9sion \u00e0 l&#8217;association : 25 \u20ac<\/li><li>cotisation annuelle &#8211; apprentissage de la Forme : 210 \u20ac (165\u20ac pour les \u00e9tudiants et demandeurs d&#8217;emploi) <b>pour un ou deux cours par semaine<\/b><br \/>Il est possible d&#8217;effectuer le r\u00e8glement en trois fois, les ch\u00e8ques seront encaiss\u00e9s aux mois m, m+1 et m+2 suivant l&#8217;inscription.<\/li><li>cotisation pour un trimestre : 90 \u20ac (septembre, d\u00e9cembre et mars)<\/li><li>cours particulier : 45 \u20ac (nous contacter)<\/li><\/ul>\t\t\t\t\t\t<\/div>\n\t\t\t\t<\/div>\n\t\t\t\t\t<\/div>\n\t\t<\/div>\n\t\t\t\t\t<\/div>\n\t\t<\/section>\n\t\t\t\t<section class=\"elementor-section elementor-top-section elementor-element elementor-element-f472e98 elementor-section-boxed elementor-section-height-default elementor-section-height-default\" data-id=\"f472e98\" data-element_type=\"section\">\n\t\t\t\t\t\t<div class=\"elementor-container elementor-column-gap-default\">\n\t\t\t\t\t<div class=\"elementor-column elementor-col-100 elementor-top-column elementor-element elementor-element-6ece232\" data-id=\"6ece232\" data-element_type=\"column\">\n\t\t\t<div class=\"elementor-widget-wrap elementor-element-populated\">\n\t\t\t\t\t\t<div class=\"elementor-element elementor-element-a1c3867 elementor-widget elementor-widget-heading\" data-id=\"a1c3867\" data-element_type=\"widget\" data-widget_type=\"heading.default\">\n\t\t\t\t<div class=\"elementor-widget-container\">\n\t\t\t<style>\/*! elementor - v3.21.0 - 26-05-2024 *\/\n.elementor-heading-title{padding:0;margin:0;line-height:1}.elementor-widget-heading .elementor-heading-title[class*=elementor-size-]>a{color:inherit;font-size:inherit;line-height:inherit}.elementor-widget-heading .elementor-heading-title.elementor-size-small{font-size:15px}.elementor-widget-heading .elementor-heading-title.elementor-size-medium{font-size:19px}.elementor-widget-heading .elementor-heading-title.elementor-size-large{font-size:29px}.elementor-widget-heading .elementor-heading-title.elementor-size-xl{font-size:39px}.elementor-widget-heading .elementor-heading-title.elementor-size-xxl{font-size:59px}<\/style><h2 class=\"elementor-heading-title elementor-size-default\">Quelle tenue ?<\/h2>\t\t<\/div>\n\t\t\t\t<\/div>\n\t\t\t\t\t<\/div>\n\t\t<\/div>\n\t\t\t\t\t<\/div>\n\t\t<\/section>\n\t\t\t\t<section class=\"elementor-section elementor-top-section elementor-element elementor-element-ae1bb99 elementor-section-boxed elementor-section-height-default elementor-section-height-default\" data-id=\"ae1bb99\" data-element_type=\"section\">\n\t\t\t\t\t\t<div class=\"elementor-container elementor-column-gap-default\">\n\t\t\t\t\t<div class=\"elementor-column elementor-col-100 elementor-top-column elementor-element elementor-element-a173a58\" data-id=\"a173a58\" data-element_type=\"column\">\n\t\t\t<div class=\"elementor-widget-wrap elementor-element-populated\">\n\t\t\t\t\t\t<div class=\"elementor-element elementor-element-19f4ce2 elementor-widget elementor-widget-text-editor\" data-id=\"19f4ce2\" data-element_type=\"widget\" data-widget_type=\"text-editor.default\">\n\t\t\t\t<div class=\"elementor-widget-container\">\n\t\t\t\t\t\t\t<p>Une tenue de sport confortable (pas serr\u00e9e \u00e0 la taille), en coton si possible. Des chaussures plates \u00e0 semelles fines.<\/p>\t\t\t\t\t\t<\/div>\n\t\t\t\t<\/div>\n\t\t\t\t\t<\/div>\n\t\t<\/div>\n\t\t\t\t\t<\/div>\n\t\t<\/section>\n\t\t\t\t<section class=\"elementor-section elementor-top-section elementor-element elementor-element-3be17c6 elementor-section-boxed elementor-section-height-default elementor-section-height-default\" data-id=\"3be17c6\" data-element_type=\"section\">\n\t\t\t\t\t\t<div class=\"elementor-container elementor-column-gap-default\">\n\t\t\t\t\t<div class=\"elementor-column elementor-col-100 elementor-top-column elementor-element elementor-element-5e372e3\" data-id=\"5e372e3\" data-element_type=\"column\">\n\t\t\t<div class=\"elementor-widget-wrap elementor-element-populated\">\n\t\t\t\t\t\t<div class=\"elementor-element elementor-element-075c1ec elementor-widget elementor-widget-heading\" data-id=\"075c1ec\" data-element_type=\"widget\" data-widget_type=\"heading.default\">\n\t\t\t\t<div class=\"elementor-widget-container\">\n\t\t\t<h2 class=\"elementor-heading-title elementor-size-default\">Stages saison 2025-26<\/h2>\t\t<\/div>\n\t\t\t\t<\/div>\n\t\t\t\t\t<\/div>\n\t\t<\/div>\n\t\t\t\t\t<\/div>\n\t\t<\/section>\n\t\t\t\t<section class=\"elementor-section elementor-top-section elementor-element elementor-element-704f1e5 elementor-section-boxed elementor-section-height-default elementor-section-height-default\" data-id=\"704f1e5\" data-element_type=\"section\">\n\t\t\t\t\t\t<div class=\"elementor-container elementor-column-gap-default\">\n\t\t\t\t\t<div class=\"elementor-column elementor-col-33 elementor-top-column elementor-element elementor-element-74ba240\" data-id=\"74ba240\" data-element_type=\"column\">\n\t\t\t<div class=\"elementor-widget-wrap elementor-element-populated\">\n\t\t\t\t\t\t<div class=\"elementor-element elementor-element-adb4e6b elementor-widget elementor-widget-text-editor\" data-id=\"adb4e6b\" data-element_type=\"widget\" data-widget_type=\"text-editor.default\">\n\t\t\t\t<div class=\"elementor-widget-container\">\n\t\t\t\t\t\t\t<p>Les stages sont des moments forts, pour d\u00e9couvrir ou approfondir sa pratique. Stages de weekends (2 demi-journ\u00e9es) ou stages longs de 5 jours, en ext\u00e9rieur quand le temps le permet&#8230; un temps pour soi.<br>La pratique des armes (b\u00e2ton, sabre, \u00e9p\u00e9e) est exclusivement enseign\u00e9e en stage sur proposition de l&#8217;enseignant, lorsque le pratiquant conna\u00eet d\u00e9j\u00e0 l&#8217;ensemble de la Forme et le travail \u00e0 deux.<\/p>\n<p>Tarifs : 50\u20ac par jour, 30\u20ac par demi-journ\u00e9e<\/p>\n<h4>Dates des rendez-vous de l&#8217;ann\u00e9e&nbsp;<\/h4>\n<div>stage de <span style=\"text-decoration: underline;\">rentr\u00e9e <\/span>: samedi 4 et dimanche 5 octobre 2025<br>stage <span style=\"text-decoration-line: underline;\">d&#8217;automne<\/span> : samedi 2 5et dimanche 25 octobre (<em><strong>\u00e0 confirmer)<\/strong><\/em><\/div>\n<div>stage de <span style=\"text-decoration: underline;\">d\u00e9but d&#8217;ann\u00e9e<\/span> : samedi 10 et dimanche 11 janvier 2026<br>stage de <span style=\"text-decoration: underline;\">printemps<\/span> : samedi 21 et dimanche 22 mars<br>stage long <u>d&#8217;\u00e9t\u00e9 (4,5<\/u>&nbsp;jours) : dates \u00e0 fixer<\/div>\n<div>D&#8217;autres dates pourront \u00eatre propos\u00e9es dans le courant de l&#8217;ann\u00e9e<\/div>\t\t\t\t\t\t<\/div>\n\t\t\t\t<\/div>\n\t\t\t\t\t<\/div>\n\t\t<\/div>\n\t\t\t\t<div class=\"elementor-column elementor-col-66 elementor-top-column elementor-element elementor-element-82b4ad0\" data-id=\"82b4ad0\" data-element_type=\"column\">\n\t\t\t<div class=\"elementor-widget-wrap elementor-element-populated\">\n\t\t\t\t\t\t<div class=\"elementor-element elementor-element-8806054 elementor-widget elementor-widget-image\" data-id=\"8806054\" data-element_type=\"widget\" data-widget_type=\"image.default\">\n\t\t\t\t<div class=\"elementor-widget-container\">\n\t\t\t\t\t\t\t\t\t\t\t\t\t<img decoding=\"async\" width=\"1024\" height=\"576\" src=\"https:\/\/cercle-angevin-tai-chi-chuan.com\/wp-content\/uploads\/2021\/08\/demo-1024x576.jpg\" class=\"attachment-large size-large wp-image-155\" alt=\"\" srcset=\"https:\/\/cercle-angevin-tai-chi-chuan.com\/wp-content\/uploads\/2021\/08\/demo-1024x576.jpg 1024w, https:\/\/cercle-angevin-tai-chi-chuan.com\/wp-content\/uploads\/2021\/08\/demo-300x169.jpg 300w, https:\/\/cercle-angevin-tai-chi-chuan.com\/wp-content\/uploads\/2021\/08\/demo-768x432.jpg 768w, https:\/\/cercle-angevin-tai-chi-chuan.com\/wp-content\/uploads\/2021\/08\/demo-1536x864.jpg 1536w, https:\/\/cercle-angevin-tai-chi-chuan.com\/wp-content\/uploads\/2021\/08\/demo-830x467.jpg 830w, https:\/\/cercle-angevin-tai-chi-chuan.com\/wp-content\/uploads\/2021\/08\/demo-230x129.jpg 230w, https:\/\/cercle-angevin-tai-chi-chuan.com\/wp-content\/uploads\/2021\/08\/demo-350x197.jpg 350w, https:\/\/cercle-angevin-tai-chi-chuan.com\/wp-content\/uploads\/2021\/08\/demo-480x270.jpg 480w, https:\/\/cercle-angevin-tai-chi-chuan.com\/wp-content\/uploads\/2021\/08\/demo.jpg 1920w\" sizes=\"(max-width: 1024px) 100vw, 1024px\" \/>\t\t\t\t\t\t\t\t\t\t\t\t\t<\/div>\n\t\t\t\t<\/div>\n\t\t\t\t\t<\/div>\n\t\t<\/div>\n\t\t\t\t\t<\/div>\n\t\t<\/section>\n\t\t\t\t<\/div>\n\t\t","protected":false},"excerpt":{"rendered":"<p>Les cours s&#8217;\u00e9tendent de mi-septembre \u00e0 mi-juin et s&#8217;interrompent durant les vacances scolaires, soit un peu plus de 30 semaines de cours. [&hellip;]<\/p>\n","protected":false},"author":1,"featured_media":0,"parent":0,"menu_order":0,"comment_status":"closed","ping_status":"closed","template":"","meta":{"footnotes":""},"class_list":["post-31","page","type-page","status-publish","hentry"],"_links":{"self":[{"href":"https:\/\/cercle-angevin-tai-chi-chuan.com\/index.php\/wp-json\/wp\/v2\/pages\/31"}],"collection":[{"href":"https:\/\/cercle-angevin-tai-chi-chuan.com\/index.php\/wp-json\/wp\/v2\/pages"}],"about":[{"href":"https:\/\/cercle-angevin-tai-chi-chuan.com\/index.php\/wp-json\/wp\/v2\/types\/page"}],"author":[{"embeddable":true,"href":"https:\/\/cercle-angevin-tai-chi-chuan.com\/index.php\/wp-json\/wp\/v2\/users\/1"}],"replies":[{"embeddable":true,"href":"https:\/\/cercle-angevin-tai-chi-chuan.com\/index.php\/wp-json\/wp\/v2\/comments?post=31"}],"version-history":[{"count":155,"href":"https:\/\/cercle-angevin-tai-chi-chuan.com\/index.php\/wp-json\/wp\/v2\/pages\/31\/revisions"}],"predecessor-version":[{"id":603,"href":"https:\/\/cercle-angevin-tai-chi-chuan.com\/index.php\/wp-json\/wp\/v2\/pages\/31\/revisions\/603"}],"wp:attachment":[{"href":"https:\/\/cercle-angevin-tai-chi-chuan.com\/index.php\/wp-json\/wp\/v2\/media?parent=31"}],"curies":[{"name":"wp","href":"https:\/\/api.w.org\/{rel}","templated":true}]}}