{"id":29,"date":"2021-07-29T11:52:12","date_gmt":"2021-07-29T09:52:12","guid":{"rendered":"http:\/\/cercle-angevin-tai-chi-chuan.com\/?page_id=29"},"modified":"2025-08-16T18:43:41","modified_gmt":"2025-08-16T16:43:41","slug":"lenseignement","status":"publish","type":"page","link":"https:\/\/cercle-angevin-tai-chi-chuan.com\/index.php\/lenseignement\/","title":{"rendered":"L&#8217;enseignement"},"content":{"rendered":"\t\t<div data-elementor-type=\"wp-page\" data-elementor-id=\"29\" class=\"elementor elementor-29\">\n\t\t\t\t\t\t<section class=\"elementor-section elementor-top-section elementor-element elementor-element-920628a elementor-section-boxed elementor-section-height-default elementor-section-height-default\" data-id=\"920628a\" data-element_type=\"section\">\n\t\t\t\t\t\t<div class=\"elementor-container elementor-column-gap-default\">\n\t\t\t\t\t<div class=\"elementor-column elementor-col-100 elementor-top-column elementor-element elementor-element-3a20c32\" data-id=\"3a20c32\" data-element_type=\"column\">\n\t\t\t<div class=\"elementor-widget-wrap elementor-element-populated\">\n\t\t\t\t\t\t<div class=\"elementor-element elementor-element-a073f96 elementor-widget elementor-widget-text-editor\" data-id=\"a073f96\" data-element_type=\"widget\" data-widget_type=\"text-editor.default\">\n\t\t\t\t<div class=\"elementor-widget-container\">\n\t\t\t<style>\/*! elementor - v3.21.0 - 26-05-2024 *\/\n.elementor-widget-text-editor.elementor-drop-cap-view-stacked .elementor-drop-cap{background-color:#69727d;color:#fff}.elementor-widget-text-editor.elementor-drop-cap-view-framed .elementor-drop-cap{color:#69727d;border:3px solid;background-color:transparent}.elementor-widget-text-editor:not(.elementor-drop-cap-view-default) .elementor-drop-cap{margin-top:8px}.elementor-widget-text-editor:not(.elementor-drop-cap-view-default) .elementor-drop-cap-letter{width:1em;height:1em}.elementor-widget-text-editor .elementor-drop-cap{float:left;text-align:center;line-height:1;font-size:50px}.elementor-widget-text-editor .elementor-drop-cap-letter{display:inline-block}<\/style>\t\t\t\t<p>La Forme de Tai Chi Chuan pratiqu\u00e9e est la forme Yang de la lign\u00e9e de Yang Chen Fu, transmise par <u>Gin Soon Chu<\/u>, t\u00eate de file de l&#8217;\u00e9cole Yang (voir arbre g\u00e9n\u00e9alogique ci apr\u00e8s).<\/p>\t\t\t\t\t\t<\/div>\n\t\t\t\t<\/div>\n\t\t\t\t\t<\/div>\n\t\t<\/div>\n\t\t\t\t\t<\/div>\n\t\t<\/section>\n\t\t\t\t<section class=\"elementor-section elementor-top-section elementor-element elementor-element-19b745e elementor-section-boxed elementor-section-height-default elementor-section-height-default\" data-id=\"19b745e\" data-element_type=\"section\">\n\t\t\t\t\t\t<div class=\"elementor-container elementor-column-gap-default\">\n\t\t\t\t\t<div class=\"elementor-column elementor-col-100 elementor-top-column elementor-element elementor-element-8f19aa0\" data-id=\"8f19aa0\" data-element_type=\"column\">\n\t\t\t<div class=\"elementor-widget-wrap elementor-element-populated\">\n\t\t\t\t\t\t<div class=\"elementor-element elementor-element-a46c126 elementor-widget elementor-widget-image\" data-id=\"a46c126\" data-element_type=\"widget\" data-widget_type=\"image.default\">\n\t\t\t\t<div class=\"elementor-widget-container\">\n\t\t\t<style>\/*! elementor - v3.21.0 - 26-05-2024 *\/\n.elementor-widget-image{text-align:center}.elementor-widget-image a{display:inline-block}.elementor-widget-image a img[src$=\".svg\"]{width:48px}.elementor-widget-image img{vertical-align:middle;display:inline-block}<\/style>\t\t\t\t\t\t\t\t\t\t<img fetchpriority=\"high\" decoding=\"async\" width=\"917\" height=\"522\" src=\"https:\/\/cercle-angevin-tai-chi-chuan.com\/wp-content\/uploads\/2021\/08\/lignee-Yang-1.jpg\" class=\"attachment-large size-large wp-image-99\" alt=\"\" srcset=\"https:\/\/cercle-angevin-tai-chi-chuan.com\/wp-content\/uploads\/2021\/08\/lignee-Yang-1.jpg 917w, https:\/\/cercle-angevin-tai-chi-chuan.com\/wp-content\/uploads\/2021\/08\/lignee-Yang-1-300x171.jpg 300w, https:\/\/cercle-angevin-tai-chi-chuan.com\/wp-content\/uploads\/2021\/08\/lignee-Yang-1-768x437.jpg 768w, https:\/\/cercle-angevin-tai-chi-chuan.com\/wp-content\/uploads\/2021\/08\/lignee-Yang-1-830x472.jpg 830w, https:\/\/cercle-angevin-tai-chi-chuan.com\/wp-content\/uploads\/2021\/08\/lignee-Yang-1-230x131.jpg 230w, https:\/\/cercle-angevin-tai-chi-chuan.com\/wp-content\/uploads\/2021\/08\/lignee-Yang-1-350x199.jpg 350w, https:\/\/cercle-angevin-tai-chi-chuan.com\/wp-content\/uploads\/2021\/08\/lignee-Yang-1-480x273.jpg 480w\" sizes=\"(max-width: 917px) 100vw, 917px\" \/>\t\t\t\t\t\t\t\t\t\t\t\t\t<\/div>\n\t\t\t\t<\/div>\n\t\t\t\t\t<\/div>\n\t\t<\/div>\n\t\t\t\t\t<\/div>\n\t\t<\/section>\n\t\t\t\t<section class=\"elementor-section elementor-top-section elementor-element elementor-element-a103ef3 elementor-section-boxed elementor-section-height-default elementor-section-height-default\" data-id=\"a103ef3\" data-element_type=\"section\">\n\t\t\t\t\t\t<div class=\"elementor-container elementor-column-gap-default\">\n\t\t\t\t\t<div class=\"elementor-column elementor-col-100 elementor-top-column elementor-element elementor-element-4b21532\" data-id=\"4b21532\" data-element_type=\"column\">\n\t\t\t<div class=\"elementor-widget-wrap elementor-element-populated\">\n\t\t\t\t\t\t<div class=\"elementor-element elementor-element-06c9add elementor-widget elementor-widget-text-editor\" data-id=\"06c9add\" data-element_type=\"widget\" data-widget_type=\"text-editor.default\">\n\t\t\t\t<div class=\"elementor-widget-container\">\n\t\t\t\t\t\t\t<p style=\"text-align: left;\"><strong>Catherine Debaig<\/strong>, alors \u00e9tudiante en \u00e9cole d&#8217;ing\u00e9nieur chimiste \u00e0 Rennes, d\u00e9couvre le Tai Chi Chuan et le Qi Gong en 1995, aupr\u00e8s de Patrick LOISEL. Ce dernier dirige l&#8217;<a href=\"https:\/\/www.assoyinyang.net\/\" target=\"_blank\" rel=\"noopener\">association Yin Yang<\/a>&nbsp;et dispense avec passion et rigueur l&#8217;enseignement re\u00e7u \u00e0 Boston directement de&nbsp;<a href=\"https:\/\/gstaichi.org\/\" target=\"_blank\" rel=\"noopener\">Gin Soon Chu<\/a>.<br>Apr\u00e8s la fin de ses \u00e9tudes (doctorat de chimie), elle arrive \u00e0 Angers en 2001, et avec l&#8217;accord de son enseignant, cr\u00e9e l&#8217;association Cercle Angevin de Tai Chi Chuan en 2002.<br>Elle enrichie sa pratique personnelle par une formation d&#8217;\u00e9nerg\u00e9tique traditionnelle chinoise&nbsp; (2000-2001) suivi par une formation de th\u00e9rapie manuelle et de r\u00e9\u00e9quilibration \u00e9nerg\u00e9tique (2004-2008) aupr\u00e8s de Patrick Loisel \u00e0 Rennes.<br>Actuellement enseignante en chimie, elle assure les cours dispens\u00e9s dans l&#8217;association \u00e0 l&#8217;exception de celui du jeudi matin. Elle continue sa formation en Tai Chi en Qi Gong avec assiduit\u00e9 \u00e0 travers de nombreux stages et des cours bimensuels \u00e0 Rennes, toujours aupr\u00e8s de Patrick Loisel.<\/p>\n<p>Outre la forme \u00e0 mains nues, elle pratique le travail \u00e0 deux, le &#8220;Push&#8221;, le b\u00e2ton, le sabre, l&#8217;\u00e9p\u00e9e, la Forme \u00e0 deux et la Forme rapide.<\/p>\n<p>Elle propose \u00e9galement des soins d&#8217;ost\u00e9o-\u00e9nerg\u00e9tique, sur rendez-vous, combinant les deux techniques (\u00e9nerg\u00e9tique traditionnelle chinoise et th\u00e9rapie manuelle et de r\u00e9\u00e9quilibration \u00e9nerg\u00e9tique).<\/p>\t\t\t\t\t\t<\/div>\n\t\t\t\t<\/div>\n\t\t\t\t\t<\/div>\n\t\t<\/div>\n\t\t\t\t\t<\/div>\n\t\t<\/section>\n\t\t\t\t<section class=\"elementor-section elementor-top-section elementor-element elementor-element-47c83c1 elementor-section-boxed elementor-section-height-default elementor-section-height-default\" data-id=\"47c83c1\" data-element_type=\"section\">\n\t\t\t\t\t\t<div class=\"elementor-container elementor-column-gap-default\">\n\t\t\t\t\t<div class=\"elementor-column elementor-col-100 elementor-top-column elementor-element elementor-element-af903fe\" data-id=\"af903fe\" data-element_type=\"column\">\n\t\t\t<div class=\"elementor-widget-wrap elementor-element-populated\">\n\t\t\t\t\t\t<div class=\"elementor-element elementor-element-ba85fea elementor-widget elementor-widget-text-editor\" data-id=\"ba85fea\" data-element_type=\"widget\" data-widget_type=\"text-editor.default\">\n\t\t\t\t<div class=\"elementor-widget-container\">\n\t\t\t\t\t\t\t<p><strong>Philippe Lechaux<\/strong>\u00a0commence \u00e0 suivre les cours de Tai Chi de l&#8221;association Cercle Angevin de Tai Chi Chuan en 2003. Apr\u00e8s 5 ann\u00e9es de pratique, il commence \u00e0 assister Catherine Debaig en prenant en charge un cours d\u00e9butant. Apr\u00e8s une reconversion professionnelle, il cr\u00e9e son <a href=\"https:\/\/2baoservices.wordpress.com\/\">activit\u00e9 de services \u00e0 la personne<\/a>.<br \/>Actuellement, il assure le cours du jeudi matin au sein de l&#8217;association.\u00a0<span style=\"color: var(--sydney-text-color);\">Il continue sa formation en suivant l&#8217;enseignement de Catherine (cours hebdomadaires) et \u00e0 travers des stages anim\u00e9s par Catherine Debaig ou Patrick Loisel.<\/span><\/p><p>Outre la Forme \u00e0 mains nues, il pratique le travail \u00e0 deux, le Push, le sabre et l&#8217;\u00e9p\u00e9e.<\/p>\t\t\t\t\t\t<\/div>\n\t\t\t\t<\/div>\n\t\t\t\t\t<\/div>\n\t\t<\/div>\n\t\t\t\t\t<\/div>\n\t\t<\/section>\n\t\t\t\t<section class=\"elementor-section elementor-top-section elementor-element elementor-element-6c3fda8 elementor-section-boxed elementor-section-height-default elementor-section-height-default\" data-id=\"6c3fda8\" data-element_type=\"section\">\n\t\t\t\t\t\t<div class=\"elementor-container elementor-column-gap-default\">\n\t\t\t\t\t<div class=\"elementor-column elementor-col-100 elementor-top-column elementor-element elementor-element-92d388f\" data-id=\"92d388f\" data-element_type=\"column\">\n\t\t\t<div class=\"elementor-widget-wrap elementor-element-populated\">\n\t\t\t\t\t\t<div class=\"elementor-element elementor-element-b3b12cc elementor-widget elementor-widget-text-editor\" data-id=\"b3b12cc\" data-element_type=\"widget\" data-widget_type=\"text-editor.default\">\n\t\t\t\t<div class=\"elementor-widget-container\">\n\t\t\t\t\t\t\t<p>Les deux enseignants de l&#8217;association sont <strong>b\u00e9n\u00e9voles<\/strong>. Ils sont parfois assist\u00e9s par des \u00e9l\u00e8ves avanc\u00e9s, assurant une transmission selon la tradition.<\/p>\t\t\t\t\t\t<\/div>\n\t\t\t\t<\/div>\n\t\t\t\t\t<\/div>\n\t\t<\/div>\n\t\t\t\t\t<\/div>\n\t\t<\/section>\n\t\t\t\t<\/div>\n\t\t","protected":false},"excerpt":{"rendered":"<p>La Forme de Tai Chi Chuan pratiqu\u00e9e est la forme Yang de la lign\u00e9e de Yang Chen Fu, transmise par Gin Soon [&hellip;]<\/p>\n","protected":false},"author":1,"featured_media":0,"parent":0,"menu_order":0,"comment_status":"closed","ping_status":"closed","template":"","meta":{"footnotes":""},"class_list":["post-29","page","type-page","status-publish","hentry"],"_links":{"self":[{"href":"https:\/\/cercle-angevin-tai-chi-chuan.com\/index.php\/wp-json\/wp\/v2\/pages\/29"}],"collection":[{"href":"https:\/\/cercle-angevin-tai-chi-chuan.com\/index.php\/wp-json\/wp\/v2\/pages"}],"about":[{"href":"https:\/\/cercle-angevin-tai-chi-chuan.com\/index.php\/wp-json\/wp\/v2\/types\/page"}],"author":[{"embeddable":true,"href":"https:\/\/cercle-angevin-tai-chi-chuan.com\/index.php\/wp-json\/wp\/v2\/users\/1"}],"replies":[{"embeddable":true,"href":"https:\/\/cercle-angevin-tai-chi-chuan.com\/index.php\/wp-json\/wp\/v2\/comments?post=29"}],"version-history":[{"count":65,"href":"https:\/\/cercle-angevin-tai-chi-chuan.com\/index.php\/wp-json\/wp\/v2\/pages\/29\/revisions"}],"predecessor-version":[{"id":598,"href":"https:\/\/cercle-angevin-tai-chi-chuan.com\/index.php\/wp-json\/wp\/v2\/pages\/29\/revisions\/598"}],"wp:attachment":[{"href":"https:\/\/cercle-angevin-tai-chi-chuan.com\/index.php\/wp-json\/wp\/v2\/media?parent=29"}],"curies":[{"name":"wp","href":"https:\/\/api.w.org\/{rel}","templated":true}]}}