{"id":27,"date":"2021-07-29T11:51:46","date_gmt":"2021-07-29T09:51:46","guid":{"rendered":"http:\/\/cercle-angevin-tai-chi-chuan.com\/?page_id=27"},"modified":"2023-08-17T17:43:00","modified_gmt":"2023-08-17T15:43:00","slug":"lassociation","status":"publish","type":"page","link":"https:\/\/cercle-angevin-tai-chi-chuan.com\/index.php\/lassociation\/","title":{"rendered":"L&#8217;association"},"content":{"rendered":"\t\t<div data-elementor-type=\"wp-page\" data-elementor-id=\"27\" class=\"elementor elementor-27\">\n\t\t\t\t\t\t<section class=\"elementor-section elementor-top-section elementor-element elementor-element-dfffd2b elementor-section-boxed elementor-section-height-default elementor-section-height-default\" data-id=\"dfffd2b\" data-element_type=\"section\">\n\t\t\t\t\t\t<div class=\"elementor-container elementor-column-gap-default\">\n\t\t\t\t\t<div class=\"elementor-column elementor-col-100 elementor-top-column elementor-element elementor-element-a6b4d7c\" data-id=\"a6b4d7c\" data-element_type=\"column\">\n\t\t\t<div class=\"elementor-widget-wrap elementor-element-populated\">\n\t\t\t\t\t\t<div class=\"elementor-element elementor-element-ea55c12 elementor-widget elementor-widget-text-editor\" data-id=\"ea55c12\" data-element_type=\"widget\" data-widget_type=\"text-editor.default\">\n\t\t\t\t<div class=\"elementor-widget-container\">\n\t\t\t<style>\/*! elementor - v3.21.0 - 26-05-2024 *\/\n.elementor-widget-text-editor.elementor-drop-cap-view-stacked .elementor-drop-cap{background-color:#69727d;color:#fff}.elementor-widget-text-editor.elementor-drop-cap-view-framed .elementor-drop-cap{color:#69727d;border:3px solid;background-color:transparent}.elementor-widget-text-editor:not(.elementor-drop-cap-view-default) .elementor-drop-cap{margin-top:8px}.elementor-widget-text-editor:not(.elementor-drop-cap-view-default) .elementor-drop-cap-letter{width:1em;height:1em}.elementor-widget-text-editor .elementor-drop-cap{float:left;text-align:center;line-height:1;font-size:50px}.elementor-widget-text-editor .elementor-drop-cap-letter{display:inline-block}<\/style>\t\t\t\t<p>Le Cercle Angevin de Tai Chi Chuan est une association loi 1901, dont l&#8217;objet est de promouvoir et d\u00e9velopper la pratique du Tai Chi Chuan ainsi que la recherche de diff\u00e9rents moyens permettant l\u2019acc\u00e8s \u00e0 l\u2019\u00e9quilibre de l\u2019\u00eatre.<\/p><p>Cr\u00e9\u00e9e en 2002, des cours de Tai Chi et Qi Gong ont \u00e9t\u00e9 propos\u00e9s d&#8217;abord uniquement \u00e0 Angers, puis \u00e0 partir de 2008 \u00e9galement \u00e0 St Sylvain d&#8217;Anjou.\u00a0<\/p><p>Actuellement l&#8217;ensemble des cours sont dispens\u00e9s dans la salle de l&#8217;association d\u00e9di\u00e9e au Tai Chi, enti\u00e8rement r\u00e9habilit\u00e9e en 2007 et 2008, situ\u00e9e au 4 Route de La Reue dans la commune de Verri\u00e8re en Anjou.\u00a0<\/p>\t\t\t\t\t\t<\/div>\n\t\t\t\t<\/div>\n\t\t\t\t\t<\/div>\n\t\t<\/div>\n\t\t\t\t\t<\/div>\n\t\t<\/section>\n\t\t\t\t<section class=\"elementor-section elementor-top-section elementor-element elementor-element-57769c6 elementor-section-boxed elementor-section-height-default elementor-section-height-default\" data-id=\"57769c6\" data-element_type=\"section\">\n\t\t\t\t\t\t<div class=\"elementor-container elementor-column-gap-default\">\n\t\t\t\t\t<div class=\"elementor-column elementor-col-66 elementor-top-column elementor-element elementor-element-1b806a5\" data-id=\"1b806a5\" data-element_type=\"column\">\n\t\t\t<div class=\"elementor-widget-wrap elementor-element-populated\">\n\t\t\t\t\t\t<div class=\"elementor-element elementor-element-c579c1d elementor-widget elementor-widget-image\" data-id=\"c579c1d\" data-element_type=\"widget\" data-widget_type=\"image.default\">\n\t\t\t\t<div class=\"elementor-widget-container\">\n\t\t\t<style>\/*! elementor - v3.21.0 - 26-05-2024 *\/\n.elementor-widget-image{text-align:center}.elementor-widget-image a{display:inline-block}.elementor-widget-image a img[src$=\".svg\"]{width:48px}.elementor-widget-image img{vertical-align:middle;display:inline-block}<\/style>\t\t\t\t\t\t\t\t\t\t<img fetchpriority=\"high\" decoding=\"async\" width=\"1024\" height=\"768\" src=\"https:\/\/cercle-angevin-tai-chi-chuan.com\/wp-content\/uploads\/2021\/08\/salle-Tai-Chi-1024x768.jpg\" class=\"attachment-large size-large wp-image-56\" alt=\"\" srcset=\"https:\/\/cercle-angevin-tai-chi-chuan.com\/wp-content\/uploads\/2021\/08\/salle-Tai-Chi-1024x768.jpg 1024w, https:\/\/cercle-angevin-tai-chi-chuan.com\/wp-content\/uploads\/2021\/08\/salle-Tai-Chi-300x225.jpg 300w, https:\/\/cercle-angevin-tai-chi-chuan.com\/wp-content\/uploads\/2021\/08\/salle-Tai-Chi-768x576.jpg 768w, https:\/\/cercle-angevin-tai-chi-chuan.com\/wp-content\/uploads\/2021\/08\/salle-Tai-Chi-1536x1152.jpg 1536w, https:\/\/cercle-angevin-tai-chi-chuan.com\/wp-content\/uploads\/2021\/08\/salle-Tai-Chi-2048x1536.jpg 2048w, https:\/\/cercle-angevin-tai-chi-chuan.com\/wp-content\/uploads\/2021\/08\/salle-Tai-Chi-830x623.jpg 830w, https:\/\/cercle-angevin-tai-chi-chuan.com\/wp-content\/uploads\/2021\/08\/salle-Tai-Chi-230x173.jpg 230w, https:\/\/cercle-angevin-tai-chi-chuan.com\/wp-content\/uploads\/2021\/08\/salle-Tai-Chi-350x263.jpg 350w, https:\/\/cercle-angevin-tai-chi-chuan.com\/wp-content\/uploads\/2021\/08\/salle-Tai-Chi-480x360.jpg 480w\" sizes=\"(max-width: 1024px) 100vw, 1024px\" \/>\t\t\t\t\t\t\t\t\t\t\t\t\t<\/div>\n\t\t\t\t<\/div>\n\t\t\t\t\t<\/div>\n\t\t<\/div>\n\t\t\t\t<div class=\"elementor-column elementor-col-33 elementor-top-column elementor-element elementor-element-9cb255a\" data-id=\"9cb255a\" data-element_type=\"column\">\n\t\t\t<div class=\"elementor-widget-wrap elementor-element-populated\">\n\t\t\t\t\t\t<div class=\"elementor-element elementor-element-2e6dafd elementor-widget elementor-widget-text-editor\" data-id=\"2e6dafd\" data-element_type=\"widget\" data-widget_type=\"text-editor.default\">\n\t\t\t\t<div class=\"elementor-widget-container\">\n\t\t\t\t\t\t\t<p><em>exercices de Qi Gong dans la salle de Tai Chi<\/em><\/p>\t\t\t\t\t\t<\/div>\n\t\t\t\t<\/div>\n\t\t\t\t\t<\/div>\n\t\t<\/div>\n\t\t\t\t\t<\/div>\n\t\t<\/section>\n\t\t\t\t<\/div>\n\t\t","protected":false},"excerpt":{"rendered":"<p>Le Cercle Angevin de Tai Chi Chuan est une association loi 1901, dont l&#8217;objet est de promouvoir et d\u00e9velopper la pratique du [&hellip;]<\/p>\n","protected":false},"author":1,"featured_media":0,"parent":0,"menu_order":0,"comment_status":"closed","ping_status":"closed","template":"","meta":{"footnotes":""},"class_list":["post-27","page","type-page","status-publish","hentry"],"_links":{"self":[{"href":"https:\/\/cercle-angevin-tai-chi-chuan.com\/index.php\/wp-json\/wp\/v2\/pages\/27"}],"collection":[{"href":"https:\/\/cercle-angevin-tai-chi-chuan.com\/index.php\/wp-json\/wp\/v2\/pages"}],"about":[{"href":"https:\/\/cercle-angevin-tai-chi-chuan.com\/index.php\/wp-json\/wp\/v2\/types\/page"}],"author":[{"embeddable":true,"href":"https:\/\/cercle-angevin-tai-chi-chuan.com\/index.php\/wp-json\/wp\/v2\/users\/1"}],"replies":[{"embeddable":true,"href":"https:\/\/cercle-angevin-tai-chi-chuan.com\/index.php\/wp-json\/wp\/v2\/comments?post=27"}],"version-history":[{"count":10,"href":"https:\/\/cercle-angevin-tai-chi-chuan.com\/index.php\/wp-json\/wp\/v2\/pages\/27\/revisions"}],"predecessor-version":[{"id":504,"href":"https:\/\/cercle-angevin-tai-chi-chuan.com\/index.php\/wp-json\/wp\/v2\/pages\/27\/revisions\/504"}],"wp:attachment":[{"href":"https:\/\/cercle-angevin-tai-chi-chuan.com\/index.php\/wp-json\/wp\/v2\/media?parent=27"}],"curies":[{"name":"wp","href":"https:\/\/api.w.org\/{rel}","templated":true}]}}